{"id":748,"date":"2019-11-17T18:46:32","date_gmt":"2019-11-17T18:46:32","guid":{"rendered":"http:\/\/www.maiteciurana.com\/?page_id=748"},"modified":"2021-12-02T19:42:34","modified_gmt":"2021-12-02T19:42:34","slug":"diseno-de-interiores-y-decoracion","status":"publish","type":"page","link":"https:\/\/www.maiteciurana.com\/?page_id=748","title":{"rendered":"DISE\u00d1O DE INTERIORES Y DECORACI\u00d3N"},"content":{"rendered":"<div data-colibri-id=\"748-c1\" class=\"style-639 style-local-748-c1 position-relative\">\r\n  <!---->\r\n  <div data-colibri-component=\"section\" data-colibri-id=\"748-c2\" id=\"initial-content\" class=\"h-section h-section-global-spacing d-flex align-items-lg-center align-items-md-center align-items-center style-640 style-local-748-c2 position-relative\">\r\n    <!---->\r\n    <!---->\r\n    <div class=\"h-section-grid-container h-section-boxed-container\">\r\n      <!---->\r\n      <div data-colibri-id=\"748-c3\" class=\"h-row-container gutters-row-lg-2 gutters-row-md-2 gutters-row-0 gutters-row-v-lg-2 gutters-row-v-md-2 gutters-row-v-2 style-641 style-local-748-c3 position-relative\">\r\n        <!---->\r\n        <div class=\"h-row justify-content-lg-center justify-content-md-center justify-content-center align-items-lg-stretch align-items-md-stretch align-items-stretch gutters-col-lg-2 gutters-col-md-2 gutters-col-0 gutters-col-v-lg-2 gutters-col-v-md-2 gutters-col-v-2\">\r\n          <!---->\r\n          <div class=\"h-column h-column-container d-flex h-col-lg-auto h-col-md-auto h-col-auto style-642-outer style-local-748-c4-outer\">\r\n            <div data-colibri-id=\"748-c4\" class=\"d-flex h-flex-basis h-column__inner h-px-lg-2 h-px-md-2 h-px-2 v-inner-lg-2 v-inner-md-2 v-inner-2 style-642 style-local-748-c4 position-relative\">\r\n              <!---->\r\n              <!---->\r\n              <div class=\"w-100 h-y-container h-column__content h-column__v-align flex-basis-100 align-self-lg-start align-self-md-start align-self-start\">\r\n                <!---->\r\n                <div data-colibri-id=\"748-c5\" class=\"style-643 style-local-748-c5 position-relative h-element\">\r\n                  <!---->\r\n                  <div>\r\n                    \r\n                    <p class=\"has-medium-font-size\"><strong>Servicios<\/strong><\/p>\r\n                    \r\n\r\n                    \r\n                    <ul class=\"wp-block-list\">\r\n                      <li>Oficinas.<\/li>\r\n                      <li>Viviendas.<\/li>\r\n                      <li>Presentaci\u00f3n Planos 3D<\/li>\r\n                      <li>Reformas Integrales<\/li>\r\n                      <li>Seguimiento de Obra<\/li>\r\n                      <li>Equipamiento total mobiliario<\/li>\r\n                    <\/ul>\r\n                    \r\n\r\n                    <h4>&nbsp;<\/h4>\r\n                    <h4>Proyectos realizados<\/h4>\r\n                    <p>&nbsp;<\/p>\r\n\r\n                    \r\n                    <figure class=\"wp-block-image size-large\">\r\n                      <img loading=\"lazy\" decoding=\"async\" width=\"875\" height=\"1024\" src=\"https:\/\/www.maiteciurana.com\/wp-content\/uploads\/2019\/11\/fotos-web-dise\u00f1o-2-875x1024.jpg\" alt=\"\" class=\"wp-image-731\" srcset=\"https:\/\/www.maiteciurana.com\/wp-content\/uploads\/2019\/11\/fotos-web-dise\u00f1o-2-875x1024.jpg 875w, https:\/\/www.maiteciurana.com\/wp-content\/uploads\/2019\/11\/fotos-web-dise\u00f1o-2-256x300.jpg 256w, https:\/\/www.maiteciurana.com\/wp-content\/uploads\/2019\/11\/fotos-web-dise\u00f1o-2-768x899.jpg 768w, https:\/\/www.maiteciurana.com\/wp-content\/uploads\/2019\/11\/fotos-web-dise\u00f1o-2-1313x1536.jpg 1313w, https:\/\/www.maiteciurana.com\/wp-content\/uploads\/2019\/11\/fotos-web-dise\u00f1o-2-1750x2048.jpg 1750w\" sizes=\"auto, (max-width: 875px) 100vw, 875px\" \/>\r\n                    <\/figure>\r\n                    \r\n                  <\/div>\r\n                <\/div>\r\n              <\/div>\r\n            <\/div>\r\n          <\/div>\r\n        <\/div>\r\n      <\/div>\r\n    <\/div>\r\n  <\/div>\r\n<\/div>","protected":false},"excerpt":{"rendered":"<p>Servicios Oficinas. Viviendas. Presentaci\u00f3n Planos 3D Reformas Integrales Seguimiento de Obra Equipamiento total mobiliario &nbsp; Proyectos realizados &nbsp;<\/p>\n","protected":false},"author":1,"featured_media":0,"parent":0,"menu_order":0,"comment_status":"closed","ping_status":"closed","template":"page-templates\/full-width-page.php","meta":{"ngg_post_thumbnail":0,"footnotes":""},"class_list":["post-748","page","type-page","status-publish","hentry"],"yoast_head":"<!-- This site is optimized with the Yoast SEO plugin v24.9 - https:\/\/yoast.com\/wordpress\/plugins\/seo\/ -->\n<title>DISE\u00d1O DE INTERIORES Y DECORACI\u00d3N - Maite Ciurana<\/title>\n<meta name=\"robots\" content=\"index, follow, max-snippet:-1, max-image-preview:large, max-video-preview:-1\" \/>\n<link rel=\"canonical\" href=\"https:\/\/www.maiteciurana.com\/?page_id=748\" \/>\n<meta property=\"og:locale\" content=\"es_ES\" \/>\n<meta property=\"og:type\" content=\"article\" \/>\n<meta property=\"og:title\" content=\"DISE\u00d1O DE INTERIORES Y DECORACI\u00d3N - Maite Ciurana\" \/>\n<meta property=\"og:description\" content=\"Servicios Oficinas. Viviendas. Presentaci\u00f3n Planos 3D Reformas Integrales Seguimiento de Obra Equipamiento total mobiliario &nbsp; Proyectos realizados &nbsp;\" \/>\n<meta property=\"og:url\" content=\"https:\/\/www.maiteciurana.com\/?page_id=748\" \/>\n<meta property=\"og:site_name\" content=\"Maite Ciurana\" \/>\n<meta property=\"article:modified_time\" content=\"2021-12-02T19:42:34+00:00\" \/>\n<meta name=\"twitter:card\" content=\"summary_large_image\" \/>\n<script type=\"application\/ld+json\" class=\"yoast-schema-graph\">{\"@context\":\"https:\/\/schema.org\",\"@graph\":[{\"@type\":\"WebPage\",\"@id\":\"https:\/\/www.maiteciurana.com\/?page_id=748\",\"url\":\"https:\/\/www.maiteciurana.com\/?page_id=748\",\"name\":\"DISE\u00d1O DE INTERIORES Y DECORACI\u00d3N - Maite Ciurana\",\"isPartOf\":{\"@id\":\"https:\/\/www.maiteciurana.com\/#website\"},\"datePublished\":\"2019-11-17T18:46:32+00:00\",\"dateModified\":\"2021-12-02T19:42:34+00:00\",\"breadcrumb\":{\"@id\":\"https:\/\/www.maiteciurana.com\/?page_id=748#breadcrumb\"},\"inLanguage\":\"es\",\"potentialAction\":[{\"@type\":\"ReadAction\",\"target\":[\"https:\/\/www.maiteciurana.com\/?page_id=748\"]}]},{\"@type\":\"BreadcrumbList\",\"@id\":\"https:\/\/www.maiteciurana.com\/?page_id=748#breadcrumb\",\"itemListElement\":[{\"@type\":\"ListItem\",\"position\":1,\"name\":\"Portada\",\"item\":\"https:\/\/www.maiteciurana.com\/\"},{\"@type\":\"ListItem\",\"position\":2,\"name\":\"DISE\u00d1O DE INTERIORES Y DECORACI\u00d3N\"}]},{\"@type\":\"WebSite\",\"@id\":\"https:\/\/www.maiteciurana.com\/#website\",\"url\":\"https:\/\/www.maiteciurana.com\/\",\"name\":\"Maite Ciurana\",\"description\":\"El color de la Emoci\u00f3n.\",\"publisher\":{\"@id\":\"https:\/\/www.maiteciurana.com\/#\/schema\/person\/2f72ba992154dd862d96ec863f5f0bed\"},\"potentialAction\":[{\"@type\":\"SearchAction\",\"target\":{\"@type\":\"EntryPoint\",\"urlTemplate\":\"https:\/\/www.maiteciurana.com\/?s={search_term_string}\"},\"query-input\":{\"@type\":\"PropertyValueSpecification\",\"valueRequired\":true,\"valueName\":\"search_term_string\"}}],\"inLanguage\":\"es\"},{\"@type\":[\"Person\",\"Organization\"],\"@id\":\"https:\/\/www.maiteciurana.com\/#\/schema\/person\/2f72ba992154dd862d96ec863f5f0bed\",\"name\":\"Maite\",\"image\":{\"@type\":\"ImageObject\",\"inLanguage\":\"es\",\"@id\":\"https:\/\/www.maiteciurana.com\/#\/schema\/person\/image\/\",\"url\":\"https:\/\/www.maiteciurana.com\/wp-content\/uploads\/2019\/11\/cropped-LOGO-ALTA-RESOLUCION-MAITE.jpg\",\"contentUrl\":\"https:\/\/www.maiteciurana.com\/wp-content\/uploads\/2019\/11\/cropped-LOGO-ALTA-RESOLUCION-MAITE.jpg\",\"width\":561,\"height\":173,\"caption\":\"Maite\"},\"logo\":{\"@id\":\"https:\/\/www.maiteciurana.com\/#\/schema\/person\/image\/\"}}]}<\/script>\n<!-- \/ Yoast SEO plugin. -->","yoast_head_json":{"title":"DISE\u00d1O DE INTERIORES Y DECORACI\u00d3N - Maite Ciurana","robots":{"index":"index","follow":"follow","max-snippet":"max-snippet:-1","max-image-preview":"max-image-preview:large","max-video-preview":"max-video-preview:-1"},"canonical":"https:\/\/www.maiteciurana.com\/?page_id=748","og_locale":"es_ES","og_type":"article","og_title":"DISE\u00d1O DE INTERIORES Y DECORACI\u00d3N - Maite Ciurana","og_description":"Servicios Oficinas. Viviendas. Presentaci\u00f3n Planos 3D Reformas Integrales Seguimiento de Obra Equipamiento total mobiliario &nbsp; Proyectos realizados &nbsp;","og_url":"https:\/\/www.maiteciurana.com\/?page_id=748","og_site_name":"Maite Ciurana","article_modified_time":"2021-12-02T19:42:34+00:00","twitter_card":"summary_large_image","schema":{"@context":"https:\/\/schema.org","@graph":[{"@type":"WebPage","@id":"https:\/\/www.maiteciurana.com\/?page_id=748","url":"https:\/\/www.maiteciurana.com\/?page_id=748","name":"DISE\u00d1O DE INTERIORES Y DECORACI\u00d3N - Maite Ciurana","isPartOf":{"@id":"https:\/\/www.maiteciurana.com\/#website"},"datePublished":"2019-11-17T18:46:32+00:00","dateModified":"2021-12-02T19:42:34+00:00","breadcrumb":{"@id":"https:\/\/www.maiteciurana.com\/?page_id=748#breadcrumb"},"inLanguage":"es","potentialAction":[{"@type":"ReadAction","target":["https:\/\/www.maiteciurana.com\/?page_id=748"]}]},{"@type":"BreadcrumbList","@id":"https:\/\/www.maiteciurana.com\/?page_id=748#breadcrumb","itemListElement":[{"@type":"ListItem","position":1,"name":"Portada","item":"https:\/\/www.maiteciurana.com\/"},{"@type":"ListItem","position":2,"name":"DISE\u00d1O DE INTERIORES Y DECORACI\u00d3N"}]},{"@type":"WebSite","@id":"https:\/\/www.maiteciurana.com\/#website","url":"https:\/\/www.maiteciurana.com\/","name":"Maite Ciurana","description":"El color de la Emoci\u00f3n.","publisher":{"@id":"https:\/\/www.maiteciurana.com\/#\/schema\/person\/2f72ba992154dd862d96ec863f5f0bed"},"potentialAction":[{"@type":"SearchAction","target":{"@type":"EntryPoint","urlTemplate":"https:\/\/www.maiteciurana.com\/?s={search_term_string}"},"query-input":{"@type":"PropertyValueSpecification","valueRequired":true,"valueName":"search_term_string"}}],"inLanguage":"es"},{"@type":["Person","Organization"],"@id":"https:\/\/www.maiteciurana.com\/#\/schema\/person\/2f72ba992154dd862d96ec863f5f0bed","name":"Maite","image":{"@type":"ImageObject","inLanguage":"es","@id":"https:\/\/www.maiteciurana.com\/#\/schema\/person\/image\/","url":"https:\/\/www.maiteciurana.com\/wp-content\/uploads\/2019\/11\/cropped-LOGO-ALTA-RESOLUCION-MAITE.jpg","contentUrl":"https:\/\/www.maiteciurana.com\/wp-content\/uploads\/2019\/11\/cropped-LOGO-ALTA-RESOLUCION-MAITE.jpg","width":561,"height":173,"caption":"Maite"},"logo":{"@id":"https:\/\/www.maiteciurana.com\/#\/schema\/person\/image\/"}}]}},"_links":{"self":[{"href":"https:\/\/www.maiteciurana.com\/index.php?rest_route=\/wp\/v2\/pages\/748","targetHints":{"allow":["GET"]}}],"collection":[{"href":"https:\/\/www.maiteciurana.com\/index.php?rest_route=\/wp\/v2\/pages"}],"about":[{"href":"https:\/\/www.maiteciurana.com\/index.php?rest_route=\/wp\/v2\/types\/page"}],"author":[{"embeddable":true,"href":"https:\/\/www.maiteciurana.com\/index.php?rest_route=\/wp\/v2\/users\/1"}],"replies":[{"embeddable":true,"href":"https:\/\/www.maiteciurana.com\/index.php?rest_route=%2Fwp%2Fv2%2Fcomments&post=748"}],"version-history":[{"count":3,"href":"https:\/\/www.maiteciurana.com\/index.php?rest_route=\/wp\/v2\/pages\/748\/revisions"}],"predecessor-version":[{"id":1035,"href":"https:\/\/www.maiteciurana.com\/index.php?rest_route=\/wp\/v2\/pages\/748\/revisions\/1035"}],"wp:attachment":[{"href":"https:\/\/www.maiteciurana.com\/index.php?rest_route=%2Fwp%2Fv2%2Fmedia&parent=748"}],"curies":[{"name":"wp","href":"https:\/\/api.w.org\/{rel}","templated":true}]}}