{"id":1744,"date":"2020-03-09T12:06:57","date_gmt":"2020-03-09T12:06:57","guid":{"rendered":"http:\/\/www.maiteciurana.com\/?page_id=1744"},"modified":"2025-12-31T09:59:32","modified_gmt":"2025-12-31T09:59:32","slug":"statement","status":"publish","type":"page","link":"https:\/\/www.maiteciurana.com\/?page_id=1744","title":{"rendered":"STATEMENT"},"content":{"rendered":"<div class=\"wp-block-image\">\n<figure class=\"aligncenter size-large is-resized\"><img loading=\"lazy\" decoding=\"async\" width=\"768\" height=\"1024\" src=\"https:\/\/www.maiteciurana.com\/wp-content\/uploads\/2024\/02\/3-MAITE-CIURANA-768x1024.jpg\" alt=\"\" class=\"wp-image-3517\" style=\"width:440px;height:auto\" srcset=\"https:\/\/www.maiteciurana.com\/wp-content\/uploads\/2024\/02\/3-MAITE-CIURANA-768x1024.jpg 768w, https:\/\/www.maiteciurana.com\/wp-content\/uploads\/2024\/02\/3-MAITE-CIURANA-225x300.jpg 225w, https:\/\/www.maiteciurana.com\/wp-content\/uploads\/2024\/02\/3-MAITE-CIURANA-1152x1536.jpg 1152w, https:\/\/www.maiteciurana.com\/wp-content\/uploads\/2024\/02\/3-MAITE-CIURANA-1536x2048.jpg 1536w, https:\/\/www.maiteciurana.com\/wp-content\/uploads\/2024\/02\/3-MAITE-CIURANA-scaled.jpg 1920w\" sizes=\"auto, (max-width: 768px) 100vw, 768px\" \/><\/figure>\n<\/div>\n\n\n<p><strong>Participaci\u00f3n Ferias y Exposiciones Nacionales e Internacionales: \u00c1msterdam (Holanda), Bruselas (B\u00e9lgica),  Espa\u00f1a (Alicante, Asturias, <strong>\u00c1vila <\/strong>, C\u00f3rdoba, Le\u00f3n, Madrid, Marbella, Pamplona y Valencia), Estambul (Turqu\u00eda), Hong Kong (China), Innsbruck (Austria),\u00a0\u00abLa Toscana\u00bb( Italia), Londres (Reino Unido), Luxemburgo, Nantes (Francia), New York (EE.UU.), Par\u00eds (Francia)<\/strong> <strong>y Singap<\/strong>ur.<\/p>\n\n\n\n<p>&#8212;&#8212;&#8212;&#8212;&#8212;&#8212;&#8212;&#8212;&#8212;&#8212;&#8212;&#8212;&#8212;&#8212;&#8212;&#8212;&#8212;&#8212;&#8212;\/\/\/&#8212;&#8212;&#8212;&#8212;&#8212;&#8212;&#8212;&#8212;&#8212;&#8212;&#8212;&#8212;&#8212;&#8212;&#8212;&#8212;&#8212;&#8212;-<\/p>\n\n\n\n<p>&#8211;<em><strong>Seleccionada en  El  XLIV  Premio Internacional de Pintura GREDOS  2023<\/strong> -Arenas de San Pedro <strong>(\u00c1vila).<\/strong><\/em><\/p>\n\n\n\n<p><em>&#8211;<strong>Seleccionada en El Certamen Internacional  XXVIII Bienal  de Pintura \u00abEusebio Sempere\u00bb 2022<\/strong>&#8211; Onil <strong>(Alicante)<\/strong><\/em>.<\/p>\n\n\n\n<ul class=\"wp-block-list\">\n<li>Os dejo enlace de la cr\u00edtica que ha realizado recientemente el conocido artista multidisciplinar y  miembro de la Asociaci\u00f3n Internacional Cr\u00edticos de Arte <span style=\"font-size: revert; color: initial;\"> <\/span><strong style=\"font-size: revert; color: initial;\"> <\/strong><strong><em>(AICA)<\/em><\/strong>,   <strong><em>D.<\/em> <em>FRANCISCO ARROYO <\/em><\/strong><em><strong>CEBALLOS<\/strong><\/em> sobre mi trabajo, titulada :<strong> Maite Ciurana y  \u00abEl estudio de la luz\u00bb<\/strong>, a quien estoy tremendamente agradecida  y que tambi\u00e9n podr\u00e9is leer en mi secci\u00f3n de Art\u00edculos): <\/li>\n<\/ul>\n\n\n\n<p><a href=\"http:\/\/www.blancosobrenegro.es\/index.php\/pintura\/1453-maite-ciurana-y-el-estudio-de-la-luz\">h<strong>ttp:\/\/www.blancosobrenegro.es\/index.php\/pintura\/1453-maite-ciurana-y-el-estudio-de-la-luz<\/strong><\/a><\/p>\n\n\n\n<p>&#8212;&#8212;&#8212;&#8212;&#8212;&#8212;&#8212;&#8212;&#8212;&#8212;&#8212;&#8212;&#8212;&#8212;&#8212;&#8212;&#8212;&#8212;&#8211;\/\/\/&#8212;&#8212;&#8212;&#8212;&#8212;&#8212;&#8212;&#8212;&#8212;&#8212;&#8212;&#8212;&#8212;&#8212;&#8212;&#8212;&#8212;&#8212;&#8212;<\/p>\n\n\n\n<p>Mi pintura la definir\u00eda de corte expresionista, con apoyaturas simb\u00f3licas de la pintura figurativa tradicional y con clara tendencia a la abstracci\u00f3n. Tiene factura colorista, vibrante, r\u00e1pida y suelta. Creo que la pintura debe desprender energ\u00eda, tiene que tener vida, debe transmitir&nbsp; y provocar emociones y eso es lo que busco al relacionarme con ella.<\/p>\n\n\n\n<p>Antes de que existiese la psicolog\u00eda, \u201cGoethe\u201d afirmaba que los colores act\u00faan sobre el alma; pudiendo provocar la tristeza o la alegr\u00eda. \u00abF\u00edsica y an\u00edmicamente, el ser humano es afectado e influido por los colores que le rodean, al articular sus referencias convencionales\u00bb.<\/p>\n\n\n\n<p>Cada color produce una emoci\u00f3n y sobre esta premisa me dejo llevar en cada obra; en este sentido me adhiero a la frase de Pablo Picasso: \u00ab<em>yo no pinto lo que veo, pinto lo que siento<\/em>\u00ab.<\/p>\n\n\n\n<p>Despu\u00e9s de cursar&nbsp; estudios&nbsp; de &nbsp;Historia del Arte, sent\u00ed la necesidad de intentar expresar mis emociones a trav\u00e9s de la pintura; esos fueron mis inicios hace ya &nbsp;tres&nbsp; largas d\u00e9cadas,&nbsp; mediante la t\u00e9cnica al <strong>\u00f3leo<\/strong> y de modo autodidacta, para posteriormente realizar dos cursos de <strong>T\u00e9mpera <\/strong>( Taller organizado por El Museo Evaristo Valle de Gij\u00f3n-bajo la direcci\u00f3n de la reconocida Pintora Asturiana: Josefina Junco)<strong>&nbsp; <\/strong>y otros dos cursos de <strong>Grabado al \u00e1cido&nbsp; <\/strong>en UP de Gij\u00f3n <strong>.<\/strong>(T\u00e9cnicas que me han dado grandes satisfacciones y de las cuales conservo bonitos trabajos).<\/p>\n\n\n\n<p>Largo tiempo pintando, pero tan solo he comenzado a exponer en el A\u00f1o 2016 y desde entonces he realizado un interesante recorrido nacional e internacional y tengo el&nbsp; honor de haber sido seleccionada en dos importantes Cert\u00e1menes Internacionales de Pintura, en los a\u00f1os 2022 y 2023, ( Todo ello referenciado en el encabezado).<\/p>\n\n\n\n<p>Mis inquietudes art\u00edsticas contin\u00faan&nbsp; y ello me lleva a indagar nuevas formas de expresi\u00f3n a trav\u00e9s de&nbsp; <strong>los acr\u00edlicos<\/strong>, encontrando en ellos mi forma de expresi\u00f3n m\u00e1s genuina y que mejor representa mi modo de ser, ya que me permite ser honesta con mis estados de \u00e1nimo, haciendo que su fluidez me permita expresarme con mayor espontaneidad, gestualidad y en definitiva mayor libertad. T\u00e9cnica que abrazo igualmente de modo autodidacta y con la que en la actualidad sigo investigando posibilidades de expresi\u00f3n.<\/p>\n\n\n\n<p>En este \u00faltimo periodo de trabajo con <strong>acr\u00edlico<\/strong>s, mi pintura ha evolucionado hasta alcanzar un lenguaje propio&nbsp; \u00ab<em>Lenguaje \u00e9ste que podr\u00eda parecer abocado a la abstracci\u00f3n, pero que a\u00fan se sustenta en reconocibles apoyaturas simb\u00f3licas y figurativas de la pintura tradicional\u00bb,&nbsp;<\/em>tal y como cita sobre mi obra&nbsp;<a href=\"http:\/\/art-maiteciurana.com\/articulos\/?lang=es\">D. Jos\u00e9 Antonio Samaniego (cr\u00edtico de arte),&nbsp;<\/a><strong>en&nbsp;<\/strong><a href=\"http:\/\/art-maiteciurana.com\/articulos\/?lang=es\">su art\u00edculo del 5 de Abril-2016 en el diario de La Nueva Espa\u00f1a-Gij\u00f3n<\/a>&nbsp;.<\/p>\n\n\n\n<p>Mis obras son el resultado de un continuo proceso de exploraci\u00f3n de nuevo rumbos que me lleven a nuevos lugares; se trata, dir\u00eda yo, de una ventana al mundo emocional, de una inquietud personal en la b\u00fasqueda y experimentaci\u00f3n&nbsp; con el color y la materia, relacionados ambos con el mundo&nbsp; de los&nbsp;sentimientos&nbsp; y la propia intuici\u00f3n.<\/p>\n\n\n\n<p>Por tanto, con mi obra pretendo que el espectador sea abducido&nbsp;por los colores que hay en ella y&nbsp;le acerquen&nbsp;&nbsp; un poco&nbsp; m\u00e1s &nbsp;a &nbsp;su&nbsp; parte&nbsp;&nbsp; emocional&nbsp; y &nbsp;lo&nbsp; sumerjan&nbsp;en &nbsp;sus profundidades,&nbsp; haci\u00e9ndole part\u00edcipe de una experiencia sugerente y al tiempo sobrecogedora.<\/p>\n\n\n\n<p>Trabajo&nbsp; sobre soportes cl\u00e1sicos&nbsp; como papel, maderas, lienzos&nbsp; 3D&nbsp; y&nbsp; sobre otros menos utilizados como son las &nbsp;<em>planchas de acero inoxidable, planchas de alucobond &nbsp;y&nbsp;piezas de metacrilato<\/em>; en este \u00faltimo caso, a modo esculturas\/pinturas&nbsp; de sobremesa y\/o  verticales,&nbsp; que me seducen especialmente&nbsp; por su fusi\u00f3n de luz y color; formatos de mi creaci\u00f3n y que me atraen en especial por su intensificaci\u00f3n del color cuando reciben la luz, ya sea natural y\/o artificial. Estas piezas mencionadas \u00faltimamente tienen dos caras fant\u00e1sticas y diferentes y a su vez, transmiten todo su colorido perimetralmente, lo cual las convierte en todo un lujo de obra\u00a1\u00a1.<\/p>\n\n\n\n<p>Orgullosa de haber creado este formato que yo denomino <strong><em>escultura\/pintura<\/em><\/strong>, pues no se cuelga como una pintura \u00abal uso\u00bb, sino que invita a circundarlo para disfrutarlo, en cualquiera de sus dos modalidades (sobremesa o vertical), al igual que nos sucede con una escultura convencional.<\/p>\n\n\n\n<p>Para m\u00ed,&nbsp;el proceso creativo de la pintura&nbsp;&nbsp;es ya &nbsp;toda &nbsp;una necesidad vital !!<\/p>\n\n\n\n<p>&#8212;&#8212;&#8212;&#8212;&#8212;&#8212;&#8212;&#8212;&#8212;&#8212;&#8212;&#8212;&#8212;&#8212;&#8212;&#8212;&#8212;&#8212;&#8212;\/\/\/\/&#8212;&#8212;&#8212;&#8212;&#8212;&#8212;&#8212;&#8212;&#8212;&#8212;&#8212;&#8212;&#8212;&#8212;&#8212;&#8212;&#8212; <\/p>\n\n\n\n<p>OS DEJO VIDEO DE PIEZAS ESCULTURA-PINTURAS DE METACRILATO, FORMATOS DE MI CREACI\u00d3N :<\/p>\n\n\n\n<figure class=\"wp-block-video\"><video height=\"1080\" style=\"aspect-ratio: 1920 \/ 1080;\" width=\"1920\" controls src=\"https:\/\/www.maiteciurana.com\/wp-content\/uploads\/2022\/10\/Video-esculturas-metacrilato-OCTUBRE-22.mp4\"><\/video><\/figure>\n\n\n\n<figure class=\"wp-block-image size-large\"><img loading=\"lazy\" decoding=\"async\" width=\"1024\" height=\"103\" src=\"https:\/\/www.maiteciurana.com\/wp-content\/uploads\/2024\/11\/image-1-1024x103.png\" alt=\"\" class=\"wp-image-3611\" srcset=\"https:\/\/www.maiteciurana.com\/wp-content\/uploads\/2024\/11\/image-1-1024x103.png 1024w, https:\/\/www.maiteciurana.com\/wp-content\/uploads\/2024\/11\/image-1-300x30.png 300w, https:\/\/www.maiteciurana.com\/wp-content\/uploads\/2024\/11\/image-1-768x78.png 768w, https:\/\/www.maiteciurana.com\/wp-content\/uploads\/2024\/11\/image-1.png 1247w\" sizes=\"auto, (max-width: 1024px) 100vw, 1024px\" \/><\/figure>\n\n\n\n<figure class=\"wp-block-image size-large\"><img loading=\"lazy\" decoding=\"async\" width=\"716\" height=\"1024\" src=\"https:\/\/www.maiteciurana.com\/wp-content\/uploads\/2024\/11\/image-716x1024.png\" alt=\"\" class=\"wp-image-3610\" srcset=\"https:\/\/www.maiteciurana.com\/wp-content\/uploads\/2024\/11\/image-716x1024.png 716w, https:\/\/www.maiteciurana.com\/wp-content\/uploads\/2024\/11\/image-210x300.png 210w, https:\/\/www.maiteciurana.com\/wp-content\/uploads\/2024\/11\/image-768x1099.png 768w, https:\/\/www.maiteciurana.com\/wp-content\/uploads\/2024\/11\/image-1074x1536.png 1074w, https:\/\/www.maiteciurana.com\/wp-content\/uploads\/2024\/11\/image.png 1122w\" sizes=\"auto, (max-width: 716px) 100vw, 716px\" \/><\/figure>\n\n\n\n<div class=\"wp-block-columns is-layout-flex wp-container-core-columns-is-layout-9d6595d7 wp-block-columns-is-layout-flex\">\n<div class=\"wp-block-column is-layout-flow wp-block-column-is-layout-flow\" style=\"flex-basis:100%\">\n<div class=\"wp-block-columns are-vertically-aligned-center is-layout-flex wp-container-core-columns-is-layout-9d6595d7 wp-block-columns-is-layout-flex\">\n<div class=\"wp-block-column is-layout-flow wp-block-column-is-layout-flow\"><\/div>\n\n\n\n<div class=\"wp-block-column is-layout-flow wp-block-column-is-layout-flow\"><\/div>\n<\/div>\n<\/div>\n<\/div>\n\n\n\n<p><\/p>\n","protected":false},"excerpt":{"rendered":"<p>Participaci\u00f3n Ferias y Exposiciones Nacionales e Internacionales: \u00c1msterdam (Holanda), Bruselas (B\u00e9lgica), Espa\u00f1a (Alicante, Asturias, \u00c1vila , C\u00f3rdoba, Le\u00f3n, Madrid, Marbella, Pamplona y Valencia), Estambul (Turqu\u00eda), Hong Kong (China), Innsbruck (Austria),\u00a0\u00abLa Toscana\u00bb( Italia), Londres (Reino Unido), Luxemburgo, Nantes (Francia), New York (EE.UU.), Par\u00eds (Francia) y Singapur. &#8212;&#8212;&#8212;&#8212;&#8212;&#8212;&#8212;&#8212;&#8212;&#8212;&#8212;&#8212;&#8212;&#8212;&#8212;&#8212;&#8212;&#8212;&#8212;\/\/\/&#8212;&#8212;&#8212;&#8212;&#8212;&#8212;&#8212;&#8212;&#8212;&#8212;&#8212;&#8212;&#8212;&#8212;&#8212;&#8212;&#8212;&#8212;- &#8211;Seleccionada en El XLIV Premio Internacional de Pintura GREDOS [&hellip;]<\/p>\n","protected":false},"author":1,"featured_media":0,"parent":0,"menu_order":0,"comment_status":"closed","ping_status":"closed","template":"","meta":{"ngg_post_thumbnail":0,"footnotes":""},"class_list":["post-1744","page","type-page","status-publish","hentry"],"yoast_head":"<!-- This site is optimized with the Yoast SEO plugin v24.9 - https:\/\/yoast.com\/wordpress\/plugins\/seo\/ -->\n<title>STATEMENT - Maite Ciurana<\/title>\n<meta name=\"robots\" content=\"index, follow, max-snippet:-1, max-image-preview:large, max-video-preview:-1\" \/>\n<link rel=\"canonical\" href=\"https:\/\/www.maiteciurana.com\/?page_id=1744\" \/>\n<meta property=\"og:locale\" content=\"es_ES\" \/>\n<meta property=\"og:type\" content=\"article\" \/>\n<meta property=\"og:title\" content=\"STATEMENT - Maite Ciurana\" \/>\n<meta property=\"og:description\" content=\"Participaci\u00f3n Ferias y Exposiciones Nacionales e Internacionales: \u00c1msterdam (Holanda), Bruselas (B\u00e9lgica), Espa\u00f1a (Alicante, Asturias, \u00c1vila , C\u00f3rdoba, Le\u00f3n, Madrid, Marbella, Pamplona y Valencia), Estambul (Turqu\u00eda), Hong Kong (China), Innsbruck (Austria),\u00a0\u00abLa Toscana\u00bb( Italia), Londres (Reino Unido), Luxemburgo, Nantes (Francia), New York (EE.UU.), Par\u00eds (Francia) y Singapur. &#8212;&#8212;&#8212;&#8212;&#8212;&#8212;&#8212;&#8212;&#8212;&#8212;&#8212;&#8212;&#8212;&#8212;&#8212;&#8212;&#8212;&#8212;&#8212;\/\/\/&#8212;&#8212;&#8212;&#8212;&#8212;&#8212;&#8212;&#8212;&#8212;&#8212;&#8212;&#8212;&#8212;&#8212;&#8212;&#8212;&#8212;&#8212;- &#8211;Seleccionada en El XLIV Premio Internacional de Pintura GREDOS [&hellip;]\" \/>\n<meta property=\"og:url\" content=\"https:\/\/www.maiteciurana.com\/?page_id=1744\" \/>\n<meta property=\"og:site_name\" content=\"Maite Ciurana\" \/>\n<meta property=\"article:modified_time\" content=\"2025-12-31T09:59:32+00:00\" \/>\n<meta property=\"og:image\" content=\"https:\/\/www.maiteciurana.com\/wp-content\/uploads\/2024\/02\/3-MAITE-CIURANA-scaled.jpg\" \/>\n\t<meta property=\"og:image:width\" content=\"1920\" \/>\n\t<meta property=\"og:image:height\" content=\"2560\" \/>\n\t<meta property=\"og:image:type\" content=\"image\/jpeg\" \/>\n<meta name=\"twitter:card\" content=\"summary_large_image\" \/>\n<meta name=\"twitter:label1\" content=\"Tiempo de lectura\" \/>\n\t<meta name=\"twitter:data1\" content=\"5 minutos\" \/>\n<script type=\"application\/ld+json\" class=\"yoast-schema-graph\">{\"@context\":\"https:\/\/schema.org\",\"@graph\":[{\"@type\":\"WebPage\",\"@id\":\"https:\/\/www.maiteciurana.com\/?page_id=1744\",\"url\":\"https:\/\/www.maiteciurana.com\/?page_id=1744\",\"name\":\"STATEMENT - Maite Ciurana\",\"isPartOf\":{\"@id\":\"https:\/\/www.maiteciurana.com\/#website\"},\"primaryImageOfPage\":{\"@id\":\"https:\/\/www.maiteciurana.com\/?page_id=1744#primaryimage\"},\"image\":{\"@id\":\"https:\/\/www.maiteciurana.com\/?page_id=1744#primaryimage\"},\"thumbnailUrl\":\"https:\/\/www.maiteciurana.com\/wp-content\/uploads\/2024\/02\/3-MAITE-CIURANA-768x1024.jpg\",\"datePublished\":\"2020-03-09T12:06:57+00:00\",\"dateModified\":\"2025-12-31T09:59:32+00:00\",\"breadcrumb\":{\"@id\":\"https:\/\/www.maiteciurana.com\/?page_id=1744#breadcrumb\"},\"inLanguage\":\"es\",\"potentialAction\":[{\"@type\":\"ReadAction\",\"target\":[\"https:\/\/www.maiteciurana.com\/?page_id=1744\"]}]},{\"@type\":\"ImageObject\",\"inLanguage\":\"es\",\"@id\":\"https:\/\/www.maiteciurana.com\/?page_id=1744#primaryimage\",\"url\":\"https:\/\/www.maiteciurana.com\/wp-content\/uploads\/2024\/02\/3-MAITE-CIURANA-scaled.jpg\",\"contentUrl\":\"https:\/\/www.maiteciurana.com\/wp-content\/uploads\/2024\/02\/3-MAITE-CIURANA-scaled.jpg\",\"width\":1920,\"height\":2560},{\"@type\":\"BreadcrumbList\",\"@id\":\"https:\/\/www.maiteciurana.com\/?page_id=1744#breadcrumb\",\"itemListElement\":[{\"@type\":\"ListItem\",\"position\":1,\"name\":\"Portada\",\"item\":\"https:\/\/www.maiteciurana.com\/\"},{\"@type\":\"ListItem\",\"position\":2,\"name\":\"STATEMENT\"}]},{\"@type\":\"WebSite\",\"@id\":\"https:\/\/www.maiteciurana.com\/#website\",\"url\":\"https:\/\/www.maiteciurana.com\/\",\"name\":\"Maite Ciurana\",\"description\":\"El color de la Emoci\u00f3n.\",\"publisher\":{\"@id\":\"https:\/\/www.maiteciurana.com\/#\/schema\/person\/2f72ba992154dd862d96ec863f5f0bed\"},\"potentialAction\":[{\"@type\":\"SearchAction\",\"target\":{\"@type\":\"EntryPoint\",\"urlTemplate\":\"https:\/\/www.maiteciurana.com\/?s={search_term_string}\"},\"query-input\":{\"@type\":\"PropertyValueSpecification\",\"valueRequired\":true,\"valueName\":\"search_term_string\"}}],\"inLanguage\":\"es\"},{\"@type\":[\"Person\",\"Organization\"],\"@id\":\"https:\/\/www.maiteciurana.com\/#\/schema\/person\/2f72ba992154dd862d96ec863f5f0bed\",\"name\":\"Maite\",\"image\":{\"@type\":\"ImageObject\",\"inLanguage\":\"es\",\"@id\":\"https:\/\/www.maiteciurana.com\/#\/schema\/person\/image\/\",\"url\":\"https:\/\/www.maiteciurana.com\/wp-content\/uploads\/2019\/11\/cropped-LOGO-ALTA-RESOLUCION-MAITE.jpg\",\"contentUrl\":\"https:\/\/www.maiteciurana.com\/wp-content\/uploads\/2019\/11\/cropped-LOGO-ALTA-RESOLUCION-MAITE.jpg\",\"width\":561,\"height\":173,\"caption\":\"Maite\"},\"logo\":{\"@id\":\"https:\/\/www.maiteciurana.com\/#\/schema\/person\/image\/\"}}]}<\/script>\n<!-- \/ Yoast SEO plugin. -->","yoast_head_json":{"title":"STATEMENT - Maite Ciurana","robots":{"index":"index","follow":"follow","max-snippet":"max-snippet:-1","max-image-preview":"max-image-preview:large","max-video-preview":"max-video-preview:-1"},"canonical":"https:\/\/www.maiteciurana.com\/?page_id=1744","og_locale":"es_ES","og_type":"article","og_title":"STATEMENT - Maite Ciurana","og_description":"Participaci\u00f3n Ferias y Exposiciones Nacionales e Internacionales: \u00c1msterdam (Holanda), Bruselas (B\u00e9lgica), Espa\u00f1a (Alicante, Asturias, \u00c1vila , C\u00f3rdoba, Le\u00f3n, Madrid, Marbella, Pamplona y Valencia), Estambul (Turqu\u00eda), Hong Kong (China), Innsbruck (Austria),\u00a0\u00abLa Toscana\u00bb( Italia), Londres (Reino Unido), Luxemburgo, Nantes (Francia), New York (EE.UU.), Par\u00eds (Francia) y Singapur. &#8212;&#8212;&#8212;&#8212;&#8212;&#8212;&#8212;&#8212;&#8212;&#8212;&#8212;&#8212;&#8212;&#8212;&#8212;&#8212;&#8212;&#8212;&#8212;\/\/\/&#8212;&#8212;&#8212;&#8212;&#8212;&#8212;&#8212;&#8212;&#8212;&#8212;&#8212;&#8212;&#8212;&#8212;&#8212;&#8212;&#8212;&#8212;- &#8211;Seleccionada en El XLIV Premio Internacional de Pintura GREDOS [&hellip;]","og_url":"https:\/\/www.maiteciurana.com\/?page_id=1744","og_site_name":"Maite Ciurana","article_modified_time":"2025-12-31T09:59:32+00:00","og_image":[{"width":1920,"height":2560,"url":"https:\/\/www.maiteciurana.com\/wp-content\/uploads\/2024\/02\/3-MAITE-CIURANA-scaled.jpg","type":"image\/jpeg"}],"twitter_card":"summary_large_image","twitter_misc":{"Tiempo de lectura":"5 minutos"},"schema":{"@context":"https:\/\/schema.org","@graph":[{"@type":"WebPage","@id":"https:\/\/www.maiteciurana.com\/?page_id=1744","url":"https:\/\/www.maiteciurana.com\/?page_id=1744","name":"STATEMENT - Maite Ciurana","isPartOf":{"@id":"https:\/\/www.maiteciurana.com\/#website"},"primaryImageOfPage":{"@id":"https:\/\/www.maiteciurana.com\/?page_id=1744#primaryimage"},"image":{"@id":"https:\/\/www.maiteciurana.com\/?page_id=1744#primaryimage"},"thumbnailUrl":"https:\/\/www.maiteciurana.com\/wp-content\/uploads\/2024\/02\/3-MAITE-CIURANA-768x1024.jpg","datePublished":"2020-03-09T12:06:57+00:00","dateModified":"2025-12-31T09:59:32+00:00","breadcrumb":{"@id":"https:\/\/www.maiteciurana.com\/?page_id=1744#breadcrumb"},"inLanguage":"es","potentialAction":[{"@type":"ReadAction","target":["https:\/\/www.maiteciurana.com\/?page_id=1744"]}]},{"@type":"ImageObject","inLanguage":"es","@id":"https:\/\/www.maiteciurana.com\/?page_id=1744#primaryimage","url":"https:\/\/www.maiteciurana.com\/wp-content\/uploads\/2024\/02\/3-MAITE-CIURANA-scaled.jpg","contentUrl":"https:\/\/www.maiteciurana.com\/wp-content\/uploads\/2024\/02\/3-MAITE-CIURANA-scaled.jpg","width":1920,"height":2560},{"@type":"BreadcrumbList","@id":"https:\/\/www.maiteciurana.com\/?page_id=1744#breadcrumb","itemListElement":[{"@type":"ListItem","position":1,"name":"Portada","item":"https:\/\/www.maiteciurana.com\/"},{"@type":"ListItem","position":2,"name":"STATEMENT"}]},{"@type":"WebSite","@id":"https:\/\/www.maiteciurana.com\/#website","url":"https:\/\/www.maiteciurana.com\/","name":"Maite Ciurana","description":"El color de la Emoci\u00f3n.","publisher":{"@id":"https:\/\/www.maiteciurana.com\/#\/schema\/person\/2f72ba992154dd862d96ec863f5f0bed"},"potentialAction":[{"@type":"SearchAction","target":{"@type":"EntryPoint","urlTemplate":"https:\/\/www.maiteciurana.com\/?s={search_term_string}"},"query-input":{"@type":"PropertyValueSpecification","valueRequired":true,"valueName":"search_term_string"}}],"inLanguage":"es"},{"@type":["Person","Organization"],"@id":"https:\/\/www.maiteciurana.com\/#\/schema\/person\/2f72ba992154dd862d96ec863f5f0bed","name":"Maite","image":{"@type":"ImageObject","inLanguage":"es","@id":"https:\/\/www.maiteciurana.com\/#\/schema\/person\/image\/","url":"https:\/\/www.maiteciurana.com\/wp-content\/uploads\/2019\/11\/cropped-LOGO-ALTA-RESOLUCION-MAITE.jpg","contentUrl":"https:\/\/www.maiteciurana.com\/wp-content\/uploads\/2019\/11\/cropped-LOGO-ALTA-RESOLUCION-MAITE.jpg","width":561,"height":173,"caption":"Maite"},"logo":{"@id":"https:\/\/www.maiteciurana.com\/#\/schema\/person\/image\/"}}]}},"_links":{"self":[{"href":"https:\/\/www.maiteciurana.com\/index.php?rest_route=\/wp\/v2\/pages\/1744","targetHints":{"allow":["GET"]}}],"collection":[{"href":"https:\/\/www.maiteciurana.com\/index.php?rest_route=\/wp\/v2\/pages"}],"about":[{"href":"https:\/\/www.maiteciurana.com\/index.php?rest_route=\/wp\/v2\/types\/page"}],"author":[{"embeddable":true,"href":"https:\/\/www.maiteciurana.com\/index.php?rest_route=\/wp\/v2\/users\/1"}],"replies":[{"embeddable":true,"href":"https:\/\/www.maiteciurana.com\/index.php?rest_route=%2Fwp%2Fv2%2Fcomments&post=1744"}],"version-history":[{"count":1,"href":"https:\/\/www.maiteciurana.com\/index.php?rest_route=\/wp\/v2\/pages\/1744\/revisions"}],"predecessor-version":[{"id":3655,"href":"https:\/\/www.maiteciurana.com\/index.php?rest_route=\/wp\/v2\/pages\/1744\/revisions\/3655"}],"wp:attachment":[{"href":"https:\/\/www.maiteciurana.com\/index.php?rest_route=%2Fwp%2Fv2%2Fmedia&parent=1744"}],"curies":[{"name":"wp","href":"https:\/\/api.w.org\/{rel}","templated":true}]}}